{"id":300,"date":"2023-12-01T14:11:55","date_gmt":"2023-12-01T14:11:55","guid":{"rendered":"https:\/\/ibis-budget-haguenau.accorv2prod.decms.eu\/nos-offres-speciales\/"},"modified":"2024-03-12T14:56:27","modified_gmt":"2024-03-12T14:56:27","slug":"spezialangebote","status":"publish","type":"page","link":"https:\/\/www.ibis-budget-haguenau.com\/de\/spezialangebote\/","title":{"rendered":"Spezialangebote"},"content":{"rendered":"<p>Schauen Sie sich unsere Sonderangebote an, die wir f\u00fcr Sie zusammengestellt haben, damit Sie Ihre sch\u00f6nsten Momente im Elsass genie\u00dfen k\u00f6nnen. <\/p>\n<p>Aktuelle Angebote, Familienangebote, Wochenendangebote, es ist f\u00fcr jeden etwas dabei!<\/p>\n","protected":false},"excerpt":{"rendered":"<p>Schauen Sie sich unsere Sonderangebote an, die wir f\u00fcr Sie zusammengestellt haben, damit Sie Ihre sch\u00f6nsten Momente im Elsass genie\u00dfen k\u00f6nnen. Aktuelle Angebote, Familienangebote, Wochenendangebote, es ist f\u00fcr jeden etwas dabei!<\/p>\n","protected":false},"author":118,"featured_media":0,"parent":0,"menu_order":0,"comment_status":"closed","ping_status":"closed","template":"template-special-offers.php","meta":{"footnotes":""},"categories":[],"class_list":["post-300","page","type-page","status-publish","hentry"],"acf":[],"yoast_head":"<!-- This site is optimized with the Yoast SEO plugin v26.9 - https:\/\/yoast.com\/product\/yoast-seo-wordpress\/ -->\n<title>Spezialangebote - Ibis Budget Haguenau<\/title>\n<meta name=\"description\" content=\"Schauen Sie sich unsere Sonderangebote an, die wir f\u00fcr Sie zusammengestellt haben, damit Sie Ihre sch\u00f6nsten Momente im Elsass genie\u00dfen k\u00f6nnen. Aktuelle\" \/>\n<meta name=\"robots\" content=\"index, follow, max-snippet:-1, max-image-preview:large, max-video-preview:-1\" \/>\n<link rel=\"canonical\" href=\"https:\/\/www.ibis-budget-haguenau.com\/de\/spezialangebote\/\" \/>\n<meta property=\"og:locale\" content=\"de_DE\" \/>\n<meta property=\"og:type\" content=\"article\" \/>\n<meta property=\"og:title\" content=\"Spezialangebote - Ibis Budget Haguenau\" \/>\n<meta property=\"og:description\" content=\"Schauen Sie sich unsere Sonderangebote an, die wir f\u00fcr Sie zusammengestellt haben, damit Sie Ihre sch\u00f6nsten Momente im Elsass genie\u00dfen k\u00f6nnen. Aktuelle\" \/>\n<meta property=\"og:url\" content=\"https:\/\/www.ibis-budget-haguenau.com\/de\/spezialangebote\/\" \/>\n<meta property=\"og:site_name\" content=\"Ibis Budget Haguenau\" \/>\n<meta property=\"article:modified_time\" content=\"2024-03-12T14:56:27+00:00\" \/>\n<meta name=\"twitter:card\" content=\"summary_large_image\" \/>\n<meta name=\"twitter:label1\" content=\"Gesch\u00e4tzte Lesezeit\" \/>\n\t<meta name=\"twitter:data1\" content=\"1 Minute\" \/>\n<script type=\"application\/ld+json\" class=\"yoast-schema-graph\">{\"@context\":\"https:\/\/schema.org\",\"@graph\":[{\"@type\":\"WebPage\",\"@id\":\"https:\/\/www.ibis-budget-haguenau.com\/de\/spezialangebote\/\",\"url\":\"https:\/\/www.ibis-budget-haguenau.com\/de\/spezialangebote\/\",\"name\":\"Spezialangebote - Ibis Budget Haguenau\",\"isPartOf\":{\"@id\":\"https:\/\/www.ibis-budget-haguenau.com\/#website\"},\"datePublished\":\"2023-12-01T14:11:55+00:00\",\"dateModified\":\"2024-03-12T14:56:27+00:00\",\"description\":\"Schauen Sie sich unsere Sonderangebote an, die wir f\u00fcr Sie zusammengestellt haben, damit Sie Ihre sch\u00f6nsten Momente im Elsass genie\u00dfen k\u00f6nnen. Aktuelle\",\"breadcrumb\":{\"@id\":\"https:\/\/www.ibis-budget-haguenau.com\/de\/spezialangebote\/#breadcrumb\"},\"inLanguage\":\"de-DE\",\"potentialAction\":[{\"@type\":\"ReadAction\",\"target\":[\"https:\/\/www.ibis-budget-haguenau.com\/de\/spezialangebote\/\"]}]},{\"@type\":\"BreadcrumbList\",\"@id\":\"https:\/\/www.ibis-budget-haguenau.com\/de\/spezialangebote\/#breadcrumb\",\"itemListElement\":[{\"@type\":\"ListItem\",\"position\":1,\"name\":\"Home\",\"item\":\"https:\/\/www.ibis-budget-haguenau.com\/de\/\"},{\"@type\":\"ListItem\",\"position\":2,\"name\":\"Spezialangebote\"}]},{\"@type\":\"WebSite\",\"@id\":\"https:\/\/www.ibis-budget-haguenau.com\/#website\",\"url\":\"https:\/\/www.ibis-budget-haguenau.com\/\",\"name\":\"Ibis Budget Haguenau\",\"description\":\"\",\"potentialAction\":[{\"@type\":\"SearchAction\",\"target\":{\"@type\":\"EntryPoint\",\"urlTemplate\":\"https:\/\/www.ibis-budget-haguenau.com\/?s={search_term_string}\"},\"query-input\":{\"@type\":\"PropertyValueSpecification\",\"valueRequired\":true,\"valueName\":\"search_term_string\"}}],\"inLanguage\":\"de-DE\"}]}<\/script>\n<!-- \/ Yoast SEO plugin. -->","yoast_head_json":{"title":"Spezialangebote - Ibis Budget Haguenau","description":"Schauen Sie sich unsere Sonderangebote an, die wir f\u00fcr Sie zusammengestellt haben, damit Sie Ihre sch\u00f6nsten Momente im Elsass genie\u00dfen k\u00f6nnen. Aktuelle","robots":{"index":"index","follow":"follow","max-snippet":"max-snippet:-1","max-image-preview":"max-image-preview:large","max-video-preview":"max-video-preview:-1"},"canonical":"https:\/\/www.ibis-budget-haguenau.com\/de\/spezialangebote\/","og_locale":"de_DE","og_type":"article","og_title":"Spezialangebote - Ibis Budget Haguenau","og_description":"Schauen Sie sich unsere Sonderangebote an, die wir f\u00fcr Sie zusammengestellt haben, damit Sie Ihre sch\u00f6nsten Momente im Elsass genie\u00dfen k\u00f6nnen. Aktuelle","og_url":"https:\/\/www.ibis-budget-haguenau.com\/de\/spezialangebote\/","og_site_name":"Ibis Budget Haguenau","article_modified_time":"2024-03-12T14:56:27+00:00","twitter_card":"summary_large_image","twitter_misc":{"Gesch\u00e4tzte Lesezeit":"1 Minute"},"schema":{"@context":"https:\/\/schema.org","@graph":[{"@type":"WebPage","@id":"https:\/\/www.ibis-budget-haguenau.com\/de\/spezialangebote\/","url":"https:\/\/www.ibis-budget-haguenau.com\/de\/spezialangebote\/","name":"Spezialangebote - Ibis Budget Haguenau","isPartOf":{"@id":"https:\/\/www.ibis-budget-haguenau.com\/#website"},"datePublished":"2023-12-01T14:11:55+00:00","dateModified":"2024-03-12T14:56:27+00:00","description":"Schauen Sie sich unsere Sonderangebote an, die wir f\u00fcr Sie zusammengestellt haben, damit Sie Ihre sch\u00f6nsten Momente im Elsass genie\u00dfen k\u00f6nnen. Aktuelle","breadcrumb":{"@id":"https:\/\/www.ibis-budget-haguenau.com\/de\/spezialangebote\/#breadcrumb"},"inLanguage":"de-DE","potentialAction":[{"@type":"ReadAction","target":["https:\/\/www.ibis-budget-haguenau.com\/de\/spezialangebote\/"]}]},{"@type":"BreadcrumbList","@id":"https:\/\/www.ibis-budget-haguenau.com\/de\/spezialangebote\/#breadcrumb","itemListElement":[{"@type":"ListItem","position":1,"name":"Home","item":"https:\/\/www.ibis-budget-haguenau.com\/de\/"},{"@type":"ListItem","position":2,"name":"Spezialangebote"}]},{"@type":"WebSite","@id":"https:\/\/www.ibis-budget-haguenau.com\/#website","url":"https:\/\/www.ibis-budget-haguenau.com\/","name":"Ibis Budget Haguenau","description":"","potentialAction":[{"@type":"SearchAction","target":{"@type":"EntryPoint","urlTemplate":"https:\/\/www.ibis-budget-haguenau.com\/?s={search_term_string}"},"query-input":{"@type":"PropertyValueSpecification","valueRequired":true,"valueName":"search_term_string"}}],"inLanguage":"de-DE"}]}},"_links":{"self":[{"href":"https:\/\/www.ibis-budget-haguenau.com\/de\/wp-json\/wp\/v2\/pages\/300","targetHints":{"allow":["GET"]}}],"collection":[{"href":"https:\/\/www.ibis-budget-haguenau.com\/de\/wp-json\/wp\/v2\/pages"}],"about":[{"href":"https:\/\/www.ibis-budget-haguenau.com\/de\/wp-json\/wp\/v2\/types\/page"}],"author":[{"embeddable":true,"href":"https:\/\/www.ibis-budget-haguenau.com\/de\/wp-json\/wp\/v2\/users\/118"}],"replies":[{"embeddable":true,"href":"https:\/\/www.ibis-budget-haguenau.com\/de\/wp-json\/wp\/v2\/comments?post=300"}],"version-history":[{"count":0,"href":"https:\/\/www.ibis-budget-haguenau.com\/de\/wp-json\/wp\/v2\/pages\/300\/revisions"}],"wp:attachment":[{"href":"https:\/\/www.ibis-budget-haguenau.com\/de\/wp-json\/wp\/v2\/media?parent=300"}],"wp:term":[{"taxonomy":"category","embeddable":true,"href":"https:\/\/www.ibis-budget-haguenau.com\/de\/wp-json\/wp\/v2\/categories?post=300"}],"curies":[{"name":"wp","href":"https:\/\/api.w.org\/{rel}","templated":true}]}}