{"id":181,"date":"2023-09-28T14:16:13","date_gmt":"2023-09-28T14:16:13","guid":{"rendered":"https:\/\/ibis-budget-haguenau.accorv2prod.decms.eu\/ibis-budget-haguenau\/"},"modified":"2024-03-12T14:34:04","modified_gmt":"2024-03-12T14:34:04","slug":"ibis-budget-haguenau","status":"publish","type":"page","link":"https:\/\/www.ibis-budget-haguenau.com\/de\/","title":{"rendered":"Ibis Budget Haguenau"},"content":{"rendered":"<p>Das Ibis Budget Hotel in Haguenau ist ein preisg\u00fcnstiges Hotel mit 67 Zimmern im Nordelsass am Rande des \u00dcberwaldes. Es ist ideal f\u00fcr Gesch\u00e4ftsreisen und Freizeitreisen.<br \/>\nUnsere gem\u00fctlichen, klimatisierten Zimmer vereinen Design und Komfort zu einem attraktiven Budget.<\/p>\n<p>Das Hotel verf\u00fcgt \u00fcber Ultra-Highspeed-Glasfaser, Canal Plus und BeIn Sports, aber auch \u00fcber ein Bouquet internationaler Kan\u00e4le.<\/p>\n<p>Wir stellen Ihnen alles zur Verf\u00fcgung, was Sie brauchen, um einen unvergesslichen Aufenthalt im Elsass zu verbringen. Sie finden vor Ort eine Bar, einen gro\u00dfen Parkplatz, Stromtankstellen, einen Fahrradraum, aber auch einen Automaten f\u00fcr kalte Getr\u00e4nke sowie einen Kaffeeautomaten. <\/p>\n<p>Au\u00dferdem k\u00f6nnen Sie in der warmen Jahreszeit auf unserer sch\u00f6nen schattigen Terrasse ein k\u00fchles Bier genie\u00dfen.<\/p>\n<p>Da unser Haus mit dem Green Key Label, dem wichtigsten Umweltzeichen im Hotelgewerbe, ausgezeichnet ist, achten wir auf einen optimalen Energieverbrauch (Wasser, Strom, Gas), ohne dabei auf einen angenehmen Komfort zu verzichten. Je nach Wetterlage und staatlichen Empfehlungen passen wir die Temperaturen in den Zimmern an die Sommer-\/Wintersaison an.<\/p>\n<p>Wir bei Ibis Budget sind stolz darauf, Ihnen eine respektvolle und nachhaltige Umwelt zu bieten.<\/p>\n<p align=\"center\"><a href=\"https:\/\/www.greenkey.global\/\" target=\"_blank\" rel=\"noopener\"><img decoding=\"async\" src=\"http:\/\/ibis-budget-haguenau.accorv2prod.decms.eu\/wp-content\/uploads\/sites\/65\/2024\/03\/green_key.jpg\" \/><\/a><\/p>\n","protected":false},"excerpt":{"rendered":"<p>Das Ibis Budget Hotel in Haguenau ist ein preisg\u00fcnstiges Hotel mit 67 Zimmern im Nordelsass am Rande des \u00dcberwaldes. Es ist ideal f\u00fcr Gesch\u00e4ftsreisen und Freizeitreisen. Unsere gem\u00fctlichen, klimatisierten Zimmer vereinen Design und Komfort zu einem attraktiven Budget. Das Hotel verf\u00fcgt \u00fcber Ultra-Highspeed-Glasfaser, Canal Plus und BeIn Sports, aber auch \u00fcber ein Bouquet internationaler Kan\u00e4le. [&hellip;]<\/p>\n","protected":false},"author":118,"featured_media":0,"parent":0,"menu_order":0,"comment_status":"closed","ping_status":"closed","template":"","meta":{"footnotes":""},"categories":[],"class_list":["post-181","page","type-page","status-publish","hentry"],"acf":[],"yoast_head":"<!-- This site is optimized with the Yoast SEO plugin v26.9 - https:\/\/yoast.com\/product\/yoast-seo-wordpress\/ -->\n<title>Ibis Budget Haguenau - Ibis Budget Haguenau<\/title>\n<meta name=\"description\" content=\"Das Ibis Budget Hotel in Haguenau ist ein preisg\u00fcnstiges Hotel mit 67 Zimmern im Nordelsass am Rande des \u00dcberwaldes. Es ist ideal f\u00fcr Gesch\u00e4ftsreisen und\" \/>\n<meta name=\"robots\" content=\"index, follow, max-snippet:-1, max-image-preview:large, max-video-preview:-1\" \/>\n<link rel=\"canonical\" href=\"https:\/\/www.ibis-budget-haguenau.com\/de\/\" \/>\n<meta property=\"og:locale\" content=\"de_DE\" \/>\n<meta property=\"og:type\" content=\"article\" \/>\n<meta property=\"og:title\" content=\"Ibis Budget Haguenau - Ibis Budget Haguenau\" \/>\n<meta property=\"og:description\" content=\"Das Ibis Budget Hotel in Haguenau ist ein preisg\u00fcnstiges Hotel mit 67 Zimmern im Nordelsass am Rande des \u00dcberwaldes. Es ist ideal f\u00fcr Gesch\u00e4ftsreisen und\" \/>\n<meta property=\"og:url\" content=\"https:\/\/www.ibis-budget-haguenau.com\/de\/\" \/>\n<meta property=\"og:site_name\" content=\"Ibis Budget Haguenau\" \/>\n<meta property=\"article:modified_time\" content=\"2024-03-12T14:34:04+00:00\" \/>\n<meta property=\"og:image\" content=\"http:\/\/ibis-budget-haguenau.accorv2prod.decms.eu\/wp-content\/uploads\/sites\/65\/2024\/03\/green_key.jpg\" \/>\n<meta name=\"twitter:card\" content=\"summary_large_image\" \/>\n<meta name=\"twitter:label1\" content=\"Gesch\u00e4tzte Lesezeit\" \/>\n\t<meta name=\"twitter:data1\" content=\"1 Minute\" \/>\n<script type=\"application\/ld+json\" class=\"yoast-schema-graph\">{\"@context\":\"https:\/\/schema.org\",\"@graph\":[{\"@type\":\"WebPage\",\"@id\":\"https:\/\/www.ibis-budget-haguenau.com\/de\/\",\"url\":\"https:\/\/www.ibis-budget-haguenau.com\/de\/\",\"name\":\"Ibis Budget Haguenau - Ibis Budget Haguenau\",\"isPartOf\":{\"@id\":\"https:\/\/www.ibis-budget-haguenau.com\/#website\"},\"primaryImageOfPage\":{\"@id\":\"https:\/\/www.ibis-budget-haguenau.com\/de\/#primaryimage\"},\"image\":{\"@id\":\"https:\/\/www.ibis-budget-haguenau.com\/de\/#primaryimage\"},\"thumbnailUrl\":\"http:\/\/ibis-budget-haguenau.accorv2prod.decms.eu\/wp-content\/uploads\/sites\/65\/2024\/03\/green_key.jpg\",\"datePublished\":\"2023-09-28T14:16:13+00:00\",\"dateModified\":\"2024-03-12T14:34:04+00:00\",\"description\":\"Das Ibis Budget Hotel in Haguenau ist ein preisg\u00fcnstiges Hotel mit 67 Zimmern im Nordelsass am Rande des \u00dcberwaldes. Es ist ideal f\u00fcr Gesch\u00e4ftsreisen und\",\"breadcrumb\":{\"@id\":\"https:\/\/www.ibis-budget-haguenau.com\/de\/#breadcrumb\"},\"inLanguage\":\"de-DE\",\"potentialAction\":[{\"@type\":\"ReadAction\",\"target\":[\"https:\/\/www.ibis-budget-haguenau.com\/de\/\"]}]},{\"@type\":\"ImageObject\",\"inLanguage\":\"de-DE\",\"@id\":\"https:\/\/www.ibis-budget-haguenau.com\/de\/#primaryimage\",\"url\":\"http:\/\/ibis-budget-haguenau.accorv2prod.decms.eu\/wp-content\/uploads\/sites\/65\/2024\/03\/green_key.jpg\",\"contentUrl\":\"http:\/\/ibis-budget-haguenau.accorv2prod.decms.eu\/wp-content\/uploads\/sites\/65\/2024\/03\/green_key.jpg\"},{\"@type\":\"BreadcrumbList\",\"@id\":\"https:\/\/www.ibis-budget-haguenau.com\/de\/#breadcrumb\",\"itemListElement\":[{\"@type\":\"ListItem\",\"position\":1,\"name\":\"Home\",\"item\":\"https:\/\/www.ibis-budget-haguenau.com\/de\/\"},{\"@type\":\"ListItem\",\"position\":2,\"name\":\"Ibis Budget Haguenau\"}]},{\"@type\":\"WebSite\",\"@id\":\"https:\/\/www.ibis-budget-haguenau.com\/#website\",\"url\":\"https:\/\/www.ibis-budget-haguenau.com\/\",\"name\":\"Ibis Budget Haguenau\",\"description\":\"\",\"potentialAction\":[{\"@type\":\"SearchAction\",\"target\":{\"@type\":\"EntryPoint\",\"urlTemplate\":\"https:\/\/www.ibis-budget-haguenau.com\/?s={search_term_string}\"},\"query-input\":{\"@type\":\"PropertyValueSpecification\",\"valueRequired\":true,\"valueName\":\"search_term_string\"}}],\"inLanguage\":\"de-DE\"}]}<\/script>\n<!-- \/ Yoast SEO plugin. -->","yoast_head_json":{"title":"Ibis Budget Haguenau - Ibis Budget Haguenau","description":"Das Ibis Budget Hotel in Haguenau ist ein preisg\u00fcnstiges Hotel mit 67 Zimmern im Nordelsass am Rande des \u00dcberwaldes. Es ist ideal f\u00fcr Gesch\u00e4ftsreisen und","robots":{"index":"index","follow":"follow","max-snippet":"max-snippet:-1","max-image-preview":"max-image-preview:large","max-video-preview":"max-video-preview:-1"},"canonical":"https:\/\/www.ibis-budget-haguenau.com\/de\/","og_locale":"de_DE","og_type":"article","og_title":"Ibis Budget Haguenau - Ibis Budget Haguenau","og_description":"Das Ibis Budget Hotel in Haguenau ist ein preisg\u00fcnstiges Hotel mit 67 Zimmern im Nordelsass am Rande des \u00dcberwaldes. Es ist ideal f\u00fcr Gesch\u00e4ftsreisen und","og_url":"https:\/\/www.ibis-budget-haguenau.com\/de\/","og_site_name":"Ibis Budget Haguenau","article_modified_time":"2024-03-12T14:34:04+00:00","og_image":[{"url":"http:\/\/ibis-budget-haguenau.accorv2prod.decms.eu\/wp-content\/uploads\/sites\/65\/2024\/03\/green_key.jpg","type":"","width":"","height":""}],"twitter_card":"summary_large_image","twitter_misc":{"Gesch\u00e4tzte Lesezeit":"1 Minute"},"schema":{"@context":"https:\/\/schema.org","@graph":[{"@type":"WebPage","@id":"https:\/\/www.ibis-budget-haguenau.com\/de\/","url":"https:\/\/www.ibis-budget-haguenau.com\/de\/","name":"Ibis Budget Haguenau - Ibis Budget Haguenau","isPartOf":{"@id":"https:\/\/www.ibis-budget-haguenau.com\/#website"},"primaryImageOfPage":{"@id":"https:\/\/www.ibis-budget-haguenau.com\/de\/#primaryimage"},"image":{"@id":"https:\/\/www.ibis-budget-haguenau.com\/de\/#primaryimage"},"thumbnailUrl":"http:\/\/ibis-budget-haguenau.accorv2prod.decms.eu\/wp-content\/uploads\/sites\/65\/2024\/03\/green_key.jpg","datePublished":"2023-09-28T14:16:13+00:00","dateModified":"2024-03-12T14:34:04+00:00","description":"Das Ibis Budget Hotel in Haguenau ist ein preisg\u00fcnstiges Hotel mit 67 Zimmern im Nordelsass am Rande des \u00dcberwaldes. Es ist ideal f\u00fcr Gesch\u00e4ftsreisen und","breadcrumb":{"@id":"https:\/\/www.ibis-budget-haguenau.com\/de\/#breadcrumb"},"inLanguage":"de-DE","potentialAction":[{"@type":"ReadAction","target":["https:\/\/www.ibis-budget-haguenau.com\/de\/"]}]},{"@type":"ImageObject","inLanguage":"de-DE","@id":"https:\/\/www.ibis-budget-haguenau.com\/de\/#primaryimage","url":"http:\/\/ibis-budget-haguenau.accorv2prod.decms.eu\/wp-content\/uploads\/sites\/65\/2024\/03\/green_key.jpg","contentUrl":"http:\/\/ibis-budget-haguenau.accorv2prod.decms.eu\/wp-content\/uploads\/sites\/65\/2024\/03\/green_key.jpg"},{"@type":"BreadcrumbList","@id":"https:\/\/www.ibis-budget-haguenau.com\/de\/#breadcrumb","itemListElement":[{"@type":"ListItem","position":1,"name":"Home","item":"https:\/\/www.ibis-budget-haguenau.com\/de\/"},{"@type":"ListItem","position":2,"name":"Ibis Budget Haguenau"}]},{"@type":"WebSite","@id":"https:\/\/www.ibis-budget-haguenau.com\/#website","url":"https:\/\/www.ibis-budget-haguenau.com\/","name":"Ibis Budget Haguenau","description":"","potentialAction":[{"@type":"SearchAction","target":{"@type":"EntryPoint","urlTemplate":"https:\/\/www.ibis-budget-haguenau.com\/?s={search_term_string}"},"query-input":{"@type":"PropertyValueSpecification","valueRequired":true,"valueName":"search_term_string"}}],"inLanguage":"de-DE"}]}},"_links":{"self":[{"href":"https:\/\/www.ibis-budget-haguenau.com\/de\/wp-json\/wp\/v2\/pages\/181","targetHints":{"allow":["GET"]}}],"collection":[{"href":"https:\/\/www.ibis-budget-haguenau.com\/de\/wp-json\/wp\/v2\/pages"}],"about":[{"href":"https:\/\/www.ibis-budget-haguenau.com\/de\/wp-json\/wp\/v2\/types\/page"}],"author":[{"embeddable":true,"href":"https:\/\/www.ibis-budget-haguenau.com\/de\/wp-json\/wp\/v2\/users\/118"}],"replies":[{"embeddable":true,"href":"https:\/\/www.ibis-budget-haguenau.com\/de\/wp-json\/wp\/v2\/comments?post=181"}],"version-history":[{"count":0,"href":"https:\/\/www.ibis-budget-haguenau.com\/de\/wp-json\/wp\/v2\/pages\/181\/revisions"}],"wp:attachment":[{"href":"https:\/\/www.ibis-budget-haguenau.com\/de\/wp-json\/wp\/v2\/media?parent=181"}],"wp:term":[{"taxonomy":"category","embeddable":true,"href":"https:\/\/www.ibis-budget-haguenau.com\/de\/wp-json\/wp\/v2\/categories?post=181"}],"curies":[{"name":"wp","href":"https:\/\/api.w.org\/{rel}","templated":true}]}}